{"id":2,"date":"2010-09-09T20:01:56","date_gmt":"2010-09-09T18:01:56","guid":{"rendered":"https:\/\/fulgurio.net\/?page_id=2"},"modified":"2012-04-23T10:14:21","modified_gmt":"2012-04-23T08:14:21","slug":"accueil","status":"publish","type":"page","link":"https:\/\/fulgurio.net\/fr\/","title":{"rendered":"Accueil"},"content":{"rendered":"<div class=\"homeCarousel\">\n<ol id=\"carrousel_step_list\">\n<li><a href=\"#\">1<\/a><\/li>\n<li><a href=\"#\">2<\/a><\/li>\n<li><a href=\"#\">3<\/a><\/li>\n<li><a href=\"#\">4<\/a><\/li>\n<\/ol>\n<ul id=\"mycarousel\">\n<li><img loading=\"lazy\" decoding=\"async\" src=\"https:\/\/fulgurio.net\/wp-content\/uploads\/2012\/01\/01.jpg\" alt=\"\" width=\"702\" height=\"255\" \/><br \/>\n<section>\n<h1>R\u00e9alisation de sites internet<\/h1>\n<p>Forts de notre exp\u00e9rience, nous nous attachons \u00e0 fournir un travail de haute qualit\u00e9 et optimis\u00e9.<\/p>\n<\/section>\n<\/li>\n<li><img loading=\"lazy\" decoding=\"async\" class=\"alignnone size-medium wp-image-90\" src=\"https:\/\/fulgurio.net\/wp-content\/uploads\/2012\/01\/02.jpg\" alt=\"\" width=\"702\" height=\"255\" \/><br \/>\n<section>\n<h1>Accompagnement \/ conseil<\/h1>\n<p>Parce que la r\u00e9alisation d&rsquo;un site peut \u00eatre complexe \u00e0 r\u00e9aliser, nous vous accompagnons d\u00e8s la phase de r\u00e9flexion du projet, en utilisant les m\u00e9thodes <a title=\"Aller sur la page de Wikipedia\" href=\"https:\/\/fr.wikipedia.org\/wiki\/M%C3%A9thode_agile\" target=\"_blank\">AGILE<\/a> tel que <a title=\"Aller sur la page de Wikipedia\" href=\"https:\/\/fr.wikipedia.org\/wiki\/Scrum_(m%C3%A9thode)\" target=\"_blank\">SCRUM<\/a>.<\/p>\n<\/section>\n<\/li>\n<li><img loading=\"lazy\" decoding=\"async\" class=\"alignnone size-medium wp-image-91\" src=\"https:\/\/fulgurio.net\/wp-content\/uploads\/2012\/01\/03.jpg\" alt=\"\" width=\"702\" height=\"255\" \/><br \/>\n<section>\n<h1>Audit<\/h1>\n<p>Parce qu&rsquo;il arrive parfois qu&rsquo;un site rencontre des probl\u00e8mes, nous pouvons effectuer un diagnostic de votre site, et identifier les \u00e9ventuelles failles.<\/p>\n<\/section>\n<\/li>\n<li><img loading=\"lazy\" decoding=\"async\" class=\"alignnone size-medium wp-image-92\" src=\"https:\/\/fulgurio.net\/wp-content\/uploads\/2012\/01\/04.jpg\" alt=\"\" width=\"702\" height=\"255\" \/><br \/>\n<section>\n<h1>H\u00e9bergement<\/h1>\n<p>Parce qu&rsquo;un site se doit d&rsquo;\u00eatre accessible partout dans le monde, nous vous proposons un h\u00e9bergement sur mesure.<\/p>\n<\/section>\n<\/li>\n<\/ul>\n<\/div>\n<p>Notre \u00e9quipe d\u00e9veloppe depuis bient\u00f4t 10 ans des sites avec des outils OpenSource (PHP, Jquery, WordPress, Symfony &#8230;), avec toujours le soin de parfaire notre travail.<\/p>\n<p><span class=\"size1\">Nos ma\u00eetres mots : <strong>simplicit\u00e9<\/strong>, <strong>qualit\u00e9<\/strong> et <strong>s\u00e9r\u00e9nit\u00e9<\/strong>.<\/span><\/p>\n<ul>\n<li><strong>Simplicit\u00e9<\/strong>, car un site mal con\u00e7u peut devenir une v\u00e9ritable usine \u00e0 gaz<\/li>\n<li><strong>Qualit\u00e9<\/strong>, car un site doit pouvoir \u00e9voluer facilement, sans remettre en cause l&rsquo;existant.<\/li>\n<li><strong>S\u00e9r\u00e9nit\u00e9<\/strong>, car un site doit \u00eatre accessible 24h sur 24, et ce quelles que soient les modifications \u00e0 apporter au contenu.<\/li>\n<\/ul>\n<p><span class=\"size2\">N&rsquo;h\u00e9sitez pas \u00e0 prendre contact avec nous, nous sommes avides de nouveaux challenges !<\/span><\/p>\n","protected":false},"excerpt":{"rendered":"<p>1 2 3 4 R\u00e9alisation de sites internet Forts de notre exp\u00e9rience, nous nous attachons \u00e0 fournir un travail de haute qualit\u00e9 et optimis\u00e9. Accompagnement [&hellip;]<\/p>\n","protected":false},"author":1,"featured_media":0,"parent":0,"menu_order":0,"comment_status":"open","ping_status":"open","template":"front-page.php","meta":{"footnotes":""},"class_list":["post-2","page","type-page","status-publish","hentry"],"_links":{"self":[{"href":"https:\/\/fulgurio.net\/fr\/wp-json\/wp\/v2\/pages\/2\/"}],"collection":[{"href":"https:\/\/fulgurio.net\/fr\/wp-json\/wp\/v2\/pages\/"}],"about":[{"href":"https:\/\/fulgurio.net\/fr\/wp-json\/wp\/v2\/types\/page\/"}],"author":[{"embeddable":true,"href":"https:\/\/fulgurio.net\/fr\/wp-json\/wp\/v2\/users\/1\/"}],"replies":[{"embeddable":true,"href":"https:\/\/fulgurio.net\/fr\/wp-json\/wp\/v2\/comments\/?post=2"}],"version-history":[{"count":0,"href":"https:\/\/fulgurio.net\/fr\/wp-json\/wp\/v2\/pages\/2\/revisions\/"}],"wp:attachment":[{"href":"https:\/\/fulgurio.net\/fr\/wp-json\/wp\/v2\/media\/?parent=2"}],"curies":[{"name":"wp","href":"https:\/\/api.w.org\/{rel}","templated":true}]}}