{"id":22,"date":"2012-04-19T16:39:34","date_gmt":"2012-04-19T14:39:34","guid":{"rendered":"https:\/\/fulgurio.net"},"modified":"2012-04-19T16:39:34","modified_gmt":"2012-04-19T14:39:34","slug":"references","status":"publish","type":"page","link":"https:\/\/fulgurio.net\/fr\/references\/","title":{"rendered":"R\u00e9f\u00e9rences"},"content":{"rendered":"<ol class=\"references\">\n<li class=\"first\"><img loading=\"lazy\" decoding=\"async\" class=\"size-medium wp-image-41 alignnone\" src=\"\/wp-content\/uploads\/2012\/01\/must.jpg\" alt=\"\" width=\"304\" height=\"240\" \/><br \/>\n<section id=\"ref5\">\n<h1>MUST<span class=\"alignright\">Client: <a href=\"https:\/\/www.bpce.fr\/\" target=\"_blank\">BPCE<\/a><\/span><\/h1>\n<p>Ann\u00e9es de r\u00e9alisation: 2008-2009<\/p>\n<p class=\"hide\">Technologies: Flash, PHP, WordPress, Smarty<\/p>\n<p>Description: R\u00e9seau social professionnel offrant diff\u00e9rents services, du partage de photo-vid\u00e9o \u00e0 la cr\u00e9ation d&rsquo;une bande dessin\u00e9e<\/p>\n<\/section>\n<\/li>\n<li><img loading=\"lazy\" decoding=\"async\" class=\"size-medium wp-image-41 alignnone\" src=\"\/wp-content\/uploads\/2012\/01\/tgv.jpg\" alt=\"\" width=\"304\" height=\"240\" \/><br \/>\n<section id=\"ref4\">\n<h1>TGV<span class=\"alignright\">Client: <a href=\"https:\/\/www.sncf.fr\" target=\"_blank\">SNCF<\/a><\/span><\/h1>\n<p>Ann\u00e9e de r\u00e9alisation: 2007<\/p>\n<p class=\"hide\">Technologies: Flash, PHP, Savant, HTML WAI<\/p>\n<p>Description: Site du Train \u00e0 Grande Vitesse, d\u00e9clin\u00e9e en 2 versions (Full-flash et HTML respectant les normes d&rsquo;accessibilit\u00e9). Le site offre des informations concernant les services TGV, ainsi que la possibilit\u00e9 d&rsquo;\u00e9tablir un carnet de route, avec informations \/ vid\u00e9os sur les destinations offertes.<\/p>\n<\/section>\n<\/li>\n<li><img loading=\"lazy\" decoding=\"async\" class=\"size-medium wp-image-41 alignnone\" src=\"\/wp-content\/uploads\/2012\/01\/ameli.jpg\" alt=\"\" width=\"304\" height=\"240\" \/><br \/>\n<section id=\"ref3\">\n<h1><a href=\"https:\/\/ameli.fr\" target=\"_blank\">AMELI<\/a><\/h1>\n<p>Ann\u00e9e de r\u00e9alisation: 2006<\/p>\n<p class=\"hide\">Technologies: PHP, Typo3<\/p>\n<p>Description: Site de contenu pour l&rsquo;Assurance Maladie En LIgne, avec outils de versioning de contenu, ainsi qu&rsquo;un workflow de publication sur 5 \u00e9tapes de validation.<\/p>\n<\/section>\n<\/li>\n<li class=\"first\"><img loading=\"lazy\" decoding=\"async\" class=\"size-medium wp-image-41 alignnone\" src=\"\/wp-content\/uploads\/2012\/01\/leguideBD.jpg\" alt=\"\" width=\"304\" height=\"240\" \/><br \/>\n<section id=\"ref2\">\n<h1><a href=\"https:\/\/www.leguideBD.com\" target=\"_blank\">LeGuideBD<\/a><span class=\"alignright\">Client: <a href=\"https:\/\/www.dargaud.com\" target=\"_blank\">Dargaud<\/a><\/span><\/h1>\n<p>Ann\u00e9e de r\u00e9alisation: 2005<\/p>\n<p class=\"hide\">Technologies: Flash, PHP<\/p>\n<p>Description: Site de recherche d&rsquo;album intuitif, avec classement des albums par cat\u00e9gories. Les donn\u00e9es des albums sont r\u00e9cup\u00e9r\u00e9s \u00e0 l&rsquo;aide d&rsquo;un webservice.<\/p>\n<\/section>\n<\/li>\n<li><img loading=\"lazy\" decoding=\"async\" class=\"size-medium wp-image-41 alignnone\" src=\"\/wp-content\/uploads\/2012\/01\/parisdev.jpg\" alt=\"\" width=\"304\" height=\"240\" \/><br \/>\n<section id=\"ref1\">\n<h1>Paris Developpement<\/h1>\n<p>Ann\u00e9e de r\u00e9alisation: 2004<\/p>\n<p class=\"hide\">Technologies: PHP, Typo3<\/p>\n<p>Description: Site de l&rsquo;organisme Paris Developpement, avec un acc\u00e8s priv\u00e9 pour les adh\u00e9rents, ainsi que diff\u00e9rents outils permettant par exemple de g\u00e9n\u00e9rer une newsletter.<\/p>\n<\/section>\n<\/li>\n<\/ol>\n","protected":false},"excerpt":{"rendered":"<p>MUSTClient: BPCE Ann\u00e9es de r\u00e9alisation: 2008-2009 Technologies: Flash, PHP, WordPress, Smarty Description: R\u00e9seau social professionnel offrant diff\u00e9rents services, du partage de photo-vid\u00e9o \u00e0 la cr\u00e9ation [&hellip;]<\/p>\n","protected":false},"author":1,"featured_media":0,"parent":0,"menu_order":1,"comment_status":"open","ping_status":"open","template":"references.php","meta":{"footnotes":""},"class_list":["post-22","page","type-page","status-publish","hentry"],"_links":{"self":[{"href":"https:\/\/fulgurio.net\/fr\/wp-json\/wp\/v2\/pages\/22\/"}],"collection":[{"href":"https:\/\/fulgurio.net\/fr\/wp-json\/wp\/v2\/pages\/"}],"about":[{"href":"https:\/\/fulgurio.net\/fr\/wp-json\/wp\/v2\/types\/page\/"}],"author":[{"embeddable":true,"href":"https:\/\/fulgurio.net\/fr\/wp-json\/wp\/v2\/users\/1\/"}],"replies":[{"embeddable":true,"href":"https:\/\/fulgurio.net\/fr\/wp-json\/wp\/v2\/comments\/?post=22"}],"version-history":[{"count":0,"href":"https:\/\/fulgurio.net\/fr\/wp-json\/wp\/v2\/pages\/22\/revisions\/"}],"wp:attachment":[{"href":"https:\/\/fulgurio.net\/fr\/wp-json\/wp\/v2\/media\/?parent=22"}],"curies":[{"name":"wp","href":"https:\/\/api.w.org\/{rel}","templated":true}]}}